{"id":3,"date":"2024-10-14T14:00:13","date_gmt":"2024-10-14T14:00:13","guid":{"rendered":"https:\/\/melalavi.it\/shop\/?page_id=3"},"modified":"2024-10-15T09:22:50","modified_gmt":"2024-10-15T09:22:50","slug":"privacy-policy","status":"publish","type":"page","link":"https:\/\/melalavi.it\/shop\/privacy-policy\/","title":{"rendered":"Privacy Policy"},"content":{"rendered":"\n<h2 class=\"wp-block-heading\">INFORMATIVA PRIVACY&nbsp;<\/h2>\n\n\n\n<p>Lo scopo del presente documento \u00e8 di informare la persona fisica (di seguito \u201c<em>Interessato<\/em>\u201d) relativamente al trattamento dei suoi dati personali (di seguito \u201c<em>Dati Personali<\/em>\u201d) raccolti dal titolare del trattamento, Ditta Individuale Samuel Tony Manuel Carboni, 09067 &#8211; Elmas (CA), nella via Via Quarto dei Mille 4\/B, Codice Fiscale CRBSLT85D10Z110T, Partita IVA 03825720927, (di seguito \u201c<em>Titolare<\/em>\u201d), tramite il sito web Melalavi.it (di seguito \u201c<em>Sito web<\/em>\u201d).&nbsp;<\/p>\n\n\n\n<p>Le modifiche e gli aggiornamenti saranno vincolanti non appena pubblicati sull\u2019Applicazione\/sito web. In caso di mancata accettazione delle modifiche apportate all\u2019Informativa Privacy, l\u2019Interessato \u00e8 tenuto a cessare l\u2019utilizzo di questa Applicazione\/sito web&nbsp;e pu\u00f2 richiedere al Titolare di cancellare i propri Dati Personali.<\/p>\n\n\n\n<p><strong>categorie di dati personali trattati<\/strong><\/p>\n\n\n\n<p>Il Titolare tratta le seguenti tipologie di Dati Personali forniti volontariamente dall\u2019Interessato:<\/p>\n\n\n\n<ul class=\"wp-block-list\">\n<li><strong>Dati di contatto<\/strong>: nome, cognome, indirizzo, e-mail, telefono, immagini, credenziali di autenticazione, eventuali ulteriori informazioni inviate dall&#8217;Interessato, etc.\u00a0<\/li>\n\n\n\n<li><strong>Dati fiscali e di pagamento<\/strong>: codice fiscale, partita IVA, dati della carta di credito, estremi del conto corrente bancario, etc.\u00a0<\/li>\n<\/ul>\n\n\n\n<p>Il Titolare tratta le seguenti tipologie di Dati Personali raccolti in maniera automatizzata:<\/p>\n\n\n\n<ul class=\"wp-block-list\">\n<li><strong>Dati tecnici<\/strong>: Dati Personali prodotti dai dispositivi, dalle applicazioni, dagli strumenti e dai protocolli utilizzati, quali ad esempio, informazioni sul dispositivo utilizzato, indirizzi IP, tipo di browser, tipo di provider Internet (ISP). Tali Dati Personali possono lasciare tracce che, in particolare se combinate con identificativi univoci e altre informazioni ricevute dai server, possono essere utilizzate per creare profili delle persone fisiche\u00a0<\/li>\n\n\n\n<li><strong>Dati relativi alla posizione esatta dell\u2019Interessato<\/strong>: ad esempio, dati di geolocalizzazione che identificano in modo preciso la posizione dell\u2019Interessato che possono essere raccolti tramite la rete satellitare (es. GPS) e altri mezzi, raccolti previo consenso dell\u2019Interessato. L\u2019Interessato pu\u00f2 revocare il consenso in qualsiasi momento.\u00a0<\/li>\n<\/ul>\n\n\n\n<p>Il mancato conferimento da parte dell\u2019Interessato dei Dati Personali per i quali sussiste l\u2019obbligo legale, contrattuale o qualora costituiscano requisito necessario per la conclusione del contratto con il Titolare, comporter\u00e0 l\u2019impossibilit\u00e0 del Titolare di instaurare o proseguire il rapporto con l\u2019Interessato.<\/p>\n\n\n\n<p>L\u2019Interessato che comunichi al Titolare Dati Personali di terzi \u00e8 direttamente ed esclusivamente responsabile della loro provenienza, raccolta, trattamento, comunicazione o diffusione.<\/p>\n\n\n\n<p><strong>cookies e tecnologie simili<\/strong><\/p>\n\n\n\n<p>Non viene fatto uso di cookie per la trasmissione di informazioni di carattere personale, n\u00e9 vengono utilizzati cookie persistenti di alcun tipo, ovvero sistemi per il tracciamento degli Interessati. Pertanto, non vengono acquisiti dall\u2019Applicazione i Dati Personali degli Interessati con queste tecnologie. Viene fatto uso di cookie tecnici di sessione (non persistenti), in modo strettamente limitato a quanto necessario per la navigazione sicura ed efficiente dell\u2019Applicazione.<\/p>\n\n\n\n<p><strong>base giuridica e finalit\u00e0 del trattamento<\/strong><\/p>\n\n\n\n<p>Il trattamento dei Dati Personali \u00e8 necessario:<\/p>\n\n\n\n<ol class=\"wp-block-list\">\n<li>per l&#8217;esecuzione del contratto con l\u2019Interessato e precisamente:\u00a0<\/li>\n<\/ol>\n\n\n\n<ol class=\"wp-block-list\">\n<li><strong>adempimento di ogni obbligo derivante dal rapporto precontrattuale o contrattuale con l\u2019Interessato<\/strong>;<\/li>\n\n\n\n<li><strong>registrazione e autenticazione dell\u2019Interessato<\/strong>: per consentire all\u2019Interessato di registrarsi sull\u2019Applicazione\/sito web, accedere e essere identificato anche tramite piattaforme esterne;<\/li>\n\n\n\n<li><strong>gestione dei pagamenti<\/strong>: per gestire i pagamenti tramite carta di credito, bonifico bancario o altri strumenti.<\/li>\n\n\n\n<li>per obbligo di legge e precisamente:\u00a0<\/li>\n\n\n\n<li><strong>l\u2019adempimento di qualunque obbligo previsto dalle vigenti normative<\/strong>, leggi e regolamenti, in particolare, in materia tributaria e fiscale.<\/li>\n\n\n\n<li>sulla base del legittimo interesse del Titolare, per:<\/li>\n<\/ol>\n\n\n\n<ol class=\"wp-block-list\">\n<li><strong>finalit\u00e0 di marketing via email di prodotti e\/o servizi del Titolare<\/strong>\u00a0per vendere direttamente i prodotti o servizi del Titolare utilizzando l\u2019e-mail fornita dall\u2019Interessato nel contesto della vendita di un prodotto o servizio analogo a quello oggetto della vendita;<\/li>\n\n\n\n<li><strong>sicurezza e antifrode<\/strong>: per garantire la sicurezza del patrimonio, delle infrastrutture e delle reti del Titolare;<\/li>\n\n\n\n<li>sulla base del consenso dell\u2019Interessato, per:<\/li>\n\n\n\n<li><strong>finalit\u00e0 di marketing di prodotti e\/o servizi del Titolare<\/strong>: per inviare informazioni o materiali commerciali e\/o promozionali, per effettuare attivit\u00e0 di vendita diretta di prodotti e\/o servizi del Titolare o per compiere ricerche di mercato con modalit\u00e0 automatizzate e tradizionali\u00a0<\/li>\n<\/ol>\n\n\n\n<p>I Dati Personali dell&#8217;Interessato possono inoltre essere utilizzati dal Titolare per tutelarsi in giudizio avanti le sedi giudiziarie competenti.<\/p>\n\n\n\n<p><strong>modalit\u00e0 di trattamento e destinatari dei dati personali<\/strong><\/p>\n\n\n\n<p>Il trattamento dei Dati Personali viene effettuato mediante strumenti cartacei e informatici con modalit\u00e0 organizzative e con logiche strettamente correlate alle finalit\u00e0 indicate e mediante l&#8217;adozione di adeguate misure di sicurezza.<\/p>\n\n\n\n<p>I Dati Personali sono trattati esclusivamente da:&nbsp;<\/p>\n\n\n\n<ul class=\"wp-block-list\">\n<li>persone autorizzate dal Titolare del trattamento dei Dati Personali che si sono impegnate alla riservatezza o abbiano un adeguato obbligo legale di riservatezza;<\/li>\n\n\n\n<li>soggetti che operano in autonomia come distinti titolari del trattamento o da soggetti designati quali responsabili del trattamento dal Titolare al fine di svolgere tutte le attivit\u00e0 di trattamento necessarie a perseguire le finalit\u00e0 di cui alla presente informativa (ad esempio, partner commerciali, consulenti, societ\u00e0 informatiche, fornitori di servizi, hosting provider);<\/li>\n\n\n\n<li>soggetti o enti a cui \u00e8 obbligatorio comunicare i Dati Personali per obbligo di legge o per ordine delle autorit\u00e0.<\/li>\n<\/ul>\n\n\n\n<p>I soggetti sopra elencati sono tenuti a utilizzare le garanzie appropriate per proteggere i Dati Personali e possono accedere solo a quelli necessari per eseguire i compiti a loro assegnati.<\/p>\n\n\n\n<p>I Dati Personali non verranno diffusi indiscriminatamente in alcun modo.<\/p>\n\n\n\n<p><strong>luogo<\/strong><\/p>\n\n\n\n<p>I Dati Personali non saranno oggetto di alcun trasferimento al di fuori del territorio dello Spazio Economico Europeo (SEE).<\/p>\n\n\n\n<p><strong>periodo di conservazione dei dati personali<\/strong><\/p>\n\n\n\n<p>I Dati Personali saranno conservati per il periodo di tempo necessario ad adempiere alle finalit\u00e0 per i quali sono stati raccolti, in particolare:&nbsp;<\/p>\n\n\n\n<ul class=\"wp-block-list\">\n<li>per finalit\u00e0 relative all\u2019esecuzione del contratto tra il Titolare e l\u2019Interessato, saranno conservati per tutta la durata del rapporto contrattuale e, dopo la cessazione, per il periodo di prescrizione ordinario pari a 10 anni. Nel caso di contenzioso giudiziale, per tutta la durata dello stesso, fino all\u2019esaurimento dei termini di esperibilit\u00e0 delle azioni di impugnazione<\/li>\n\n\n\n<li>per finalit\u00e0 relative al legittimo interesse del Titolare, saranno conservati fino al compimento di tale interesse<\/li>\n\n\n\n<li>per l\u2019adempimento di un obbligo di legge, per ordine di un\u2019autorit\u00e0 e per la tutela in giudizio, saranno conservati nel rispetto delle tempistiche previste da detti obblighi, normative e comunque sino al compimento del termine prescrizionale previsto dalle norme in vigore<\/li>\n\n\n\n<li>per finalit\u00e0 basate sul consenso dell\u2019Interessato, saranno conservati sino alla revoca del consenso\u00a0<\/li>\n<\/ul>\n\n\n\n<p>Al termine del periodo di conservazione, tutti i Dati Personali saranno cancellati o conservati in una forma che non consenta l\u2019identificazione dell\u2019Interessato.<\/p>\n\n\n\n<p><strong>diritti dell\u2019interessato<\/strong><\/p>\n\n\n\n<p>Gli Interessati possono esercitare determinati diritti con riferimento ai Dati Personali trattati dal Titolare. In particolare, l\u2019Interessato ha il diritto di:<\/p>\n\n\n\n<ul class=\"wp-block-list\">\n<li>essere informato sul trattamento dei propri Dati Personali<\/li>\n\n\n\n<li>revocare il consenso in ogni momento<\/li>\n\n\n\n<li>limitare il trattamento dei propri Dati Personali<\/li>\n\n\n\n<li>opporsi al trattamento dei propri Dati Personali<\/li>\n\n\n\n<li>accedere ai propri Dati Personali<\/li>\n\n\n\n<li>verificare e chiedere la rettifica dei propri Dati Personali<\/li>\n\n\n\n<li>ottenere la limitazione del trattamento dei propri Dati Personali<\/li>\n\n\n\n<li>ottenere la cancellazione dei propri Dati Personali<\/li>\n\n\n\n<li>trasferire i propri Dati Personali ad altro titolare<\/li>\n\n\n\n<li>proporre reclamo all\u2019autorit\u00e0 di controllo della protezione dei propri Dati Personali e\/o agire in sede giudiziale.<\/li>\n<\/ul>\n\n\n\n<p>Per esercitare i propri diritti, gli Interessati possono indirizzare una richiesta al seguente indirizzo e-mail prenotazioni@melalavi.it. Le richieste saranno prese in carico dal Titolare immediatamente ed evase nel pi\u00f9 breve tempo possibile, in ogni caso entro 30 giorni.&nbsp;<\/p>\n\n\n\n<p>Ultimo aggiornamento: 7 settembre 2024<\/p>\n","protected":false},"excerpt":{"rendered":"<p>INFORMATIVA PRIVACY&nbsp; Lo scopo del presente documento \u00e8 di informare la persona fisica (di seguito \u201cInteressato\u201d) relativamente al trattamento dei suoi dati personali (di seguito \u201cDati Personali\u201d) raccolti dal titolare del trattamento, Ditta Individuale Samuel Tony Manuel Carboni, 09067 &#8211; Elmas (CA), nella via Via Quarto dei Mille 4\/B, Codice Fiscale CRBSLT85D10Z110T, Partita IVA 03825720927, [&hellip;]<\/p>\n","protected":false},"author":1,"featured_media":0,"parent":0,"menu_order":0,"comment_status":"closed","ping_status":"closed","template":"","meta":{"footnotes":""},"class_list":["post-3","page","type-page","status-publish","hentry"],"yoast_head":"<!-- This site is optimized with the Yoast SEO plugin v26.2 - https:\/\/yoast.com\/wordpress\/plugins\/seo\/ -->\n<title>Privacy Policy - Shop MeLaLavi<\/title>\n<meta name=\"robots\" content=\"index, follow, max-snippet:-1, max-image-preview:large, max-video-preview:-1\" \/>\n<link rel=\"canonical\" href=\"https:\/\/melalavi.it\/shop\/privacy-policy\/\" \/>\n<meta property=\"og:locale\" content=\"it_IT\" \/>\n<meta property=\"og:type\" content=\"article\" \/>\n<meta property=\"og:title\" content=\"Privacy Policy - Shop MeLaLavi\" \/>\n<meta property=\"og:description\" content=\"INFORMATIVA PRIVACY&nbsp; Lo scopo del presente documento \u00e8 di informare la persona fisica (di seguito \u201cInteressato\u201d) relativamente al trattamento dei suoi dati personali (di seguito \u201cDati Personali\u201d) raccolti dal titolare del trattamento, Ditta Individuale Samuel Tony Manuel Carboni, 09067 &#8211; Elmas (CA), nella via Via Quarto dei Mille 4\/B, Codice Fiscale CRBSLT85D10Z110T, Partita IVA 03825720927, [&hellip;]\" \/>\n<meta property=\"og:url\" content=\"https:\/\/melalavi.it\/shop\/privacy-policy\/\" \/>\n<meta property=\"og:site_name\" content=\"Shop MeLaLavi\" \/>\n<meta property=\"article:modified_time\" content=\"2024-10-15T09:22:50+00:00\" \/>\n<meta name=\"twitter:card\" content=\"summary_large_image\" \/>\n<meta name=\"twitter:label1\" content=\"Tempo di lettura stimato\" \/>\n\t<meta name=\"twitter:data1\" content=\"7 minuti\" \/>\n<script type=\"application\/ld+json\" class=\"yoast-schema-graph\">{\"@context\":\"https:\/\/schema.org\",\"@graph\":[{\"@type\":\"WebPage\",\"@id\":\"https:\/\/melalavi.it\/shop\/privacy-policy\/\",\"url\":\"https:\/\/melalavi.it\/shop\/privacy-policy\/\",\"name\":\"Privacy Policy - Shop MeLaLavi\",\"isPartOf\":{\"@id\":\"https:\/\/melalavi.it\/shop\/#website\"},\"datePublished\":\"2024-10-14T14:00:13+00:00\",\"dateModified\":\"2024-10-15T09:22:50+00:00\",\"breadcrumb\":{\"@id\":\"https:\/\/melalavi.it\/shop\/privacy-policy\/#breadcrumb\"},\"inLanguage\":\"it-IT\",\"potentialAction\":[{\"@type\":\"ReadAction\",\"target\":[\"https:\/\/melalavi.it\/shop\/privacy-policy\/\"]}]},{\"@type\":\"BreadcrumbList\",\"@id\":\"https:\/\/melalavi.it\/shop\/privacy-policy\/#breadcrumb\",\"itemListElement\":[{\"@type\":\"ListItem\",\"position\":1,\"name\":\"Home\",\"item\":\"https:\/\/melalavi.it\/shop\/\"},{\"@type\":\"ListItem\",\"position\":2,\"name\":\"Privacy Policy\"}]},{\"@type\":\"WebSite\",\"@id\":\"https:\/\/melalavi.it\/shop\/#website\",\"url\":\"https:\/\/melalavi.it\/shop\/\",\"name\":\"Shop MeLaLavi\",\"description\":\"la qualit&agrave; e l&rsquo;esperienza che garantiamo ogni giorno nei nostri lavaggi a domicilio\",\"publisher\":{\"@id\":\"https:\/\/melalavi.it\/shop\/#organization\"},\"potentialAction\":[{\"@type\":\"SearchAction\",\"target\":{\"@type\":\"EntryPoint\",\"urlTemplate\":\"https:\/\/melalavi.it\/shop\/?s={search_term_string}\"},\"query-input\":{\"@type\":\"PropertyValueSpecification\",\"valueRequired\":true,\"valueName\":\"search_term_string\"}}],\"inLanguage\":\"it-IT\"},{\"@type\":\"Organization\",\"@id\":\"https:\/\/melalavi.it\/shop\/#organization\",\"name\":\"Shop MeLaLavi\",\"url\":\"https:\/\/melalavi.it\/shop\/\",\"logo\":{\"@type\":\"ImageObject\",\"inLanguage\":\"it-IT\",\"@id\":\"https:\/\/melalavi.it\/shop\/#\/schema\/logo\/image\/\",\"url\":\"https:\/\/melalavi.it\/shop\/wp-content\/uploads\/2024\/10\/cropped-cropped-melalavi2-logo-e1728916515677.png\",\"contentUrl\":\"https:\/\/melalavi.it\/shop\/wp-content\/uploads\/2024\/10\/cropped-cropped-melalavi2-logo-e1728916515677.png\",\"width\":100,\"height\":49,\"caption\":\"Shop MeLaLavi\"},\"image\":{\"@id\":\"https:\/\/melalavi.it\/shop\/#\/schema\/logo\/image\/\"}}]}<\/script>\n<!-- \/ Yoast SEO plugin. -->","yoast_head_json":{"title":"Privacy Policy - Shop MeLaLavi","robots":{"index":"index","follow":"follow","max-snippet":"max-snippet:-1","max-image-preview":"max-image-preview:large","max-video-preview":"max-video-preview:-1"},"canonical":"https:\/\/melalavi.it\/shop\/privacy-policy\/","og_locale":"it_IT","og_type":"article","og_title":"Privacy Policy - Shop MeLaLavi","og_description":"INFORMATIVA PRIVACY&nbsp; Lo scopo del presente documento \u00e8 di informare la persona fisica (di seguito \u201cInteressato\u201d) relativamente al trattamento dei suoi dati personali (di seguito \u201cDati Personali\u201d) raccolti dal titolare del trattamento, Ditta Individuale Samuel Tony Manuel Carboni, 09067 &#8211; Elmas (CA), nella via Via Quarto dei Mille 4\/B, Codice Fiscale CRBSLT85D10Z110T, Partita IVA 03825720927, [&hellip;]","og_url":"https:\/\/melalavi.it\/shop\/privacy-policy\/","og_site_name":"Shop MeLaLavi","article_modified_time":"2024-10-15T09:22:50+00:00","twitter_card":"summary_large_image","twitter_misc":{"Tempo di lettura stimato":"7 minuti"},"schema":{"@context":"https:\/\/schema.org","@graph":[{"@type":"WebPage","@id":"https:\/\/melalavi.it\/shop\/privacy-policy\/","url":"https:\/\/melalavi.it\/shop\/privacy-policy\/","name":"Privacy Policy - Shop MeLaLavi","isPartOf":{"@id":"https:\/\/melalavi.it\/shop\/#website"},"datePublished":"2024-10-14T14:00:13+00:00","dateModified":"2024-10-15T09:22:50+00:00","breadcrumb":{"@id":"https:\/\/melalavi.it\/shop\/privacy-policy\/#breadcrumb"},"inLanguage":"it-IT","potentialAction":[{"@type":"ReadAction","target":["https:\/\/melalavi.it\/shop\/privacy-policy\/"]}]},{"@type":"BreadcrumbList","@id":"https:\/\/melalavi.it\/shop\/privacy-policy\/#breadcrumb","itemListElement":[{"@type":"ListItem","position":1,"name":"Home","item":"https:\/\/melalavi.it\/shop\/"},{"@type":"ListItem","position":2,"name":"Privacy Policy"}]},{"@type":"WebSite","@id":"https:\/\/melalavi.it\/shop\/#website","url":"https:\/\/melalavi.it\/shop\/","name":"Shop MeLaLavi","description":"la qualit&agrave; e l&rsquo;esperienza che garantiamo ogni giorno nei nostri lavaggi a domicilio","publisher":{"@id":"https:\/\/melalavi.it\/shop\/#organization"},"potentialAction":[{"@type":"SearchAction","target":{"@type":"EntryPoint","urlTemplate":"https:\/\/melalavi.it\/shop\/?s={search_term_string}"},"query-input":{"@type":"PropertyValueSpecification","valueRequired":true,"valueName":"search_term_string"}}],"inLanguage":"it-IT"},{"@type":"Organization","@id":"https:\/\/melalavi.it\/shop\/#organization","name":"Shop MeLaLavi","url":"https:\/\/melalavi.it\/shop\/","logo":{"@type":"ImageObject","inLanguage":"it-IT","@id":"https:\/\/melalavi.it\/shop\/#\/schema\/logo\/image\/","url":"https:\/\/melalavi.it\/shop\/wp-content\/uploads\/2024\/10\/cropped-cropped-melalavi2-logo-e1728916515677.png","contentUrl":"https:\/\/melalavi.it\/shop\/wp-content\/uploads\/2024\/10\/cropped-cropped-melalavi2-logo-e1728916515677.png","width":100,"height":49,"caption":"Shop MeLaLavi"},"image":{"@id":"https:\/\/melalavi.it\/shop\/#\/schema\/logo\/image\/"}}]}},"_links":{"self":[{"href":"https:\/\/melalavi.it\/shop\/wp-json\/wp\/v2\/pages\/3","targetHints":{"allow":["GET"]}}],"collection":[{"href":"https:\/\/melalavi.it\/shop\/wp-json\/wp\/v2\/pages"}],"about":[{"href":"https:\/\/melalavi.it\/shop\/wp-json\/wp\/v2\/types\/page"}],"author":[{"embeddable":true,"href":"https:\/\/melalavi.it\/shop\/wp-json\/wp\/v2\/users\/1"}],"replies":[{"embeddable":true,"href":"https:\/\/melalavi.it\/shop\/wp-json\/wp\/v2\/comments?post=3"}],"version-history":[{"count":2,"href":"https:\/\/melalavi.it\/shop\/wp-json\/wp\/v2\/pages\/3\/revisions"}],"predecessor-version":[{"id":7230,"href":"https:\/\/melalavi.it\/shop\/wp-json\/wp\/v2\/pages\/3\/revisions\/7230"}],"wp:attachment":[{"href":"https:\/\/melalavi.it\/shop\/wp-json\/wp\/v2\/media?parent=3"}],"curies":[{"name":"wp","href":"https:\/\/api.w.org\/{rel}","templated":true}]}}