{"id":7240,"date":"2024-10-15T10:39:54","date_gmt":"2024-10-15T10:39:54","guid":{"rendered":"https:\/\/melalavi.it\/shop\/?post_type=product&#038;p=7240"},"modified":"2024-10-15T10:41:11","modified_gmt":"2024-10-15T10:41:11","slug":"panno-in-microfibra-per-interni-30x30","status":"publish","type":"product","link":"https:\/\/melalavi.it\/shop\/product\/panno-in-microfibra-per-interni-30x30\/","title":{"rendered":"Panno in microfibra per interni 30X30"},"content":{"rendered":"<p>Il nostro <strong>panno in microfibra 30&#215;30<\/strong> \u00e8 l&#8217;alleato perfetto per una pulizia precisa e delicata degli interni auto. Grazie alla sua trama ultra morbida, \u00e8 ideale per rimuovere polvere e impronte senza graffiare superfici delicate, come cruscotti e schermi. Inoltre, \u00e8 perfetto per asciugare i giroporta, assicurando una finitura impeccabile anche nelle zone difficili da raggiungere. Resistente e lavabile, questo panno offre risultati professionali, rendendolo indispensabile per chi cerca una cura impeccabile per la propria auto.<\/p>\n<p><strong>Rivitalizza i tuoi interni con semplicit\u00e0!<\/strong><\/p>\n","protected":false},"excerpt":{"rendered":"<p>Panno in morbida microfibra altamente assorbente per interni e giroporte.<strong><br \/>\n<\/strong><\/p>\n","protected":false},"featured_media":7242,"comment_status":"open","ping_status":"closed","template":"","meta":[],"product_brand":[],"product_cat":[16],"product_tag":[],"class_list":{"0":"post-7240","1":"product","2":"type-product","3":"status-publish","4":"has-post-thumbnail","6":"product_cat-interni","8":"first","9":"instock","10":"sale","11":"shipping-taxable","12":"purchasable","13":"product-type-simple"},"yoast_head":"<!-- This site is optimized with the Yoast SEO plugin v26.2 - https:\/\/yoast.com\/wordpress\/plugins\/seo\/ -->\n<title>Panno in microfibra per interni 30X30 - Shop MeLaLavi<\/title>\n<meta name=\"robots\" content=\"index, follow, max-snippet:-1, max-image-preview:large, max-video-preview:-1\" \/>\n<link rel=\"canonical\" href=\"https:\/\/melalavi.it\/shop\/product\/panno-in-microfibra-per-interni-30x30\/\" \/>\n<meta property=\"og:locale\" content=\"it_IT\" \/>\n<meta property=\"og:type\" content=\"article\" \/>\n<meta property=\"og:title\" content=\"Panno in microfibra per interni 30X30 - Shop MeLaLavi\" \/>\n<meta property=\"og:description\" content=\"Panno in morbida microfibra altamente assorbente per interni e giroporte.\" \/>\n<meta property=\"og:url\" content=\"https:\/\/melalavi.it\/shop\/product\/panno-in-microfibra-per-interni-30x30\/\" \/>\n<meta property=\"og:site_name\" content=\"Shop MeLaLavi\" \/>\n<meta property=\"article:modified_time\" content=\"2024-10-15T10:41:11+00:00\" \/>\n<meta property=\"og:image\" content=\"https:\/\/melalavi.it\/shop\/wp-content\/uploads\/2024\/10\/Panno-microfibra-melalavi-con-piega.jpg\" \/>\n\t<meta property=\"og:image:width\" content=\"540\" \/>\n\t<meta property=\"og:image:height\" content=\"540\" \/>\n\t<meta property=\"og:image:type\" content=\"image\/jpeg\" \/>\n<meta name=\"twitter:card\" content=\"summary_large_image\" \/>\n<meta name=\"twitter:label1\" content=\"Tempo di lettura stimato\" \/>\n\t<meta name=\"twitter:data1\" content=\"1 minuto\" \/>\n<script type=\"application\/ld+json\" class=\"yoast-schema-graph\">{\"@context\":\"https:\/\/schema.org\",\"@graph\":[{\"@type\":\"WebPage\",\"@id\":\"https:\/\/melalavi.it\/shop\/product\/panno-in-microfibra-per-interni-30x30\/\",\"url\":\"https:\/\/melalavi.it\/shop\/product\/panno-in-microfibra-per-interni-30x30\/\",\"name\":\"Panno in microfibra per interni 30X30 - Shop MeLaLavi\",\"isPartOf\":{\"@id\":\"https:\/\/melalavi.it\/shop\/#website\"},\"primaryImageOfPage\":{\"@id\":\"https:\/\/melalavi.it\/shop\/product\/panno-in-microfibra-per-interni-30x30\/#primaryimage\"},\"image\":{\"@id\":\"https:\/\/melalavi.it\/shop\/product\/panno-in-microfibra-per-interni-30x30\/#primaryimage\"},\"thumbnailUrl\":\"https:\/\/melalavi.it\/shop\/wp-content\/uploads\/2024\/10\/Panno-microfibra-melalavi-con-piega.jpg\",\"datePublished\":\"2024-10-15T10:39:54+00:00\",\"dateModified\":\"2024-10-15T10:41:11+00:00\",\"breadcrumb\":{\"@id\":\"https:\/\/melalavi.it\/shop\/product\/panno-in-microfibra-per-interni-30x30\/#breadcrumb\"},\"inLanguage\":\"it-IT\",\"potentialAction\":[{\"@type\":\"ReadAction\",\"target\":[\"https:\/\/melalavi.it\/shop\/product\/panno-in-microfibra-per-interni-30x30\/\"]}]},{\"@type\":\"ImageObject\",\"inLanguage\":\"it-IT\",\"@id\":\"https:\/\/melalavi.it\/shop\/product\/panno-in-microfibra-per-interni-30x30\/#primaryimage\",\"url\":\"https:\/\/melalavi.it\/shop\/wp-content\/uploads\/2024\/10\/Panno-microfibra-melalavi-con-piega.jpg\",\"contentUrl\":\"https:\/\/melalavi.it\/shop\/wp-content\/uploads\/2024\/10\/Panno-microfibra-melalavi-con-piega.jpg\",\"width\":540,\"height\":540},{\"@type\":\"BreadcrumbList\",\"@id\":\"https:\/\/melalavi.it\/shop\/product\/panno-in-microfibra-per-interni-30x30\/#breadcrumb\",\"itemListElement\":[{\"@type\":\"ListItem\",\"position\":1,\"name\":\"Home\",\"item\":\"https:\/\/melalavi.it\/shop\/\"},{\"@type\":\"ListItem\",\"position\":2,\"name\":\"Shop\",\"item\":\"https:\/\/melalavi.it\/shop\/shop\/\"},{\"@type\":\"ListItem\",\"position\":3,\"name\":\"Panno in microfibra per interni 30X30\"}]},{\"@type\":\"WebSite\",\"@id\":\"https:\/\/melalavi.it\/shop\/#website\",\"url\":\"https:\/\/melalavi.it\/shop\/\",\"name\":\"Shop MeLaLavi\",\"description\":\"la qualit&agrave; e l&rsquo;esperienza che garantiamo ogni giorno nei nostri lavaggi a domicilio\",\"publisher\":{\"@id\":\"https:\/\/melalavi.it\/shop\/#organization\"},\"potentialAction\":[{\"@type\":\"SearchAction\",\"target\":{\"@type\":\"EntryPoint\",\"urlTemplate\":\"https:\/\/melalavi.it\/shop\/?s={search_term_string}\"},\"query-input\":{\"@type\":\"PropertyValueSpecification\",\"valueRequired\":true,\"valueName\":\"search_term_string\"}}],\"inLanguage\":\"it-IT\"},{\"@type\":\"Organization\",\"@id\":\"https:\/\/melalavi.it\/shop\/#organization\",\"name\":\"Shop MeLaLavi\",\"url\":\"https:\/\/melalavi.it\/shop\/\",\"logo\":{\"@type\":\"ImageObject\",\"inLanguage\":\"it-IT\",\"@id\":\"https:\/\/melalavi.it\/shop\/#\/schema\/logo\/image\/\",\"url\":\"https:\/\/melalavi.it\/shop\/wp-content\/uploads\/2024\/10\/cropped-cropped-melalavi2-logo-e1728916515677.png\",\"contentUrl\":\"https:\/\/melalavi.it\/shop\/wp-content\/uploads\/2024\/10\/cropped-cropped-melalavi2-logo-e1728916515677.png\",\"width\":100,\"height\":49,\"caption\":\"Shop MeLaLavi\"},\"image\":{\"@id\":\"https:\/\/melalavi.it\/shop\/#\/schema\/logo\/image\/\"}}]}<\/script>\n<!-- \/ Yoast SEO plugin. -->","yoast_head_json":{"title":"Panno in microfibra per interni 30X30 - Shop MeLaLavi","robots":{"index":"index","follow":"follow","max-snippet":"max-snippet:-1","max-image-preview":"max-image-preview:large","max-video-preview":"max-video-preview:-1"},"canonical":"https:\/\/melalavi.it\/shop\/product\/panno-in-microfibra-per-interni-30x30\/","og_locale":"it_IT","og_type":"article","og_title":"Panno in microfibra per interni 30X30 - Shop MeLaLavi","og_description":"Panno in morbida microfibra altamente assorbente per interni e giroporte.","og_url":"https:\/\/melalavi.it\/shop\/product\/panno-in-microfibra-per-interni-30x30\/","og_site_name":"Shop MeLaLavi","article_modified_time":"2024-10-15T10:41:11+00:00","og_image":[{"width":540,"height":540,"url":"https:\/\/melalavi.it\/shop\/wp-content\/uploads\/2024\/10\/Panno-microfibra-melalavi-con-piega.jpg","type":"image\/jpeg"}],"twitter_card":"summary_large_image","twitter_misc":{"Tempo di lettura stimato":"1 minuto"},"schema":{"@context":"https:\/\/schema.org","@graph":[{"@type":"WebPage","@id":"https:\/\/melalavi.it\/shop\/product\/panno-in-microfibra-per-interni-30x30\/","url":"https:\/\/melalavi.it\/shop\/product\/panno-in-microfibra-per-interni-30x30\/","name":"Panno in microfibra per interni 30X30 - Shop MeLaLavi","isPartOf":{"@id":"https:\/\/melalavi.it\/shop\/#website"},"primaryImageOfPage":{"@id":"https:\/\/melalavi.it\/shop\/product\/panno-in-microfibra-per-interni-30x30\/#primaryimage"},"image":{"@id":"https:\/\/melalavi.it\/shop\/product\/panno-in-microfibra-per-interni-30x30\/#primaryimage"},"thumbnailUrl":"https:\/\/melalavi.it\/shop\/wp-content\/uploads\/2024\/10\/Panno-microfibra-melalavi-con-piega.jpg","datePublished":"2024-10-15T10:39:54+00:00","dateModified":"2024-10-15T10:41:11+00:00","breadcrumb":{"@id":"https:\/\/melalavi.it\/shop\/product\/panno-in-microfibra-per-interni-30x30\/#breadcrumb"},"inLanguage":"it-IT","potentialAction":[{"@type":"ReadAction","target":["https:\/\/melalavi.it\/shop\/product\/panno-in-microfibra-per-interni-30x30\/"]}]},{"@type":"ImageObject","inLanguage":"it-IT","@id":"https:\/\/melalavi.it\/shop\/product\/panno-in-microfibra-per-interni-30x30\/#primaryimage","url":"https:\/\/melalavi.it\/shop\/wp-content\/uploads\/2024\/10\/Panno-microfibra-melalavi-con-piega.jpg","contentUrl":"https:\/\/melalavi.it\/shop\/wp-content\/uploads\/2024\/10\/Panno-microfibra-melalavi-con-piega.jpg","width":540,"height":540},{"@type":"BreadcrumbList","@id":"https:\/\/melalavi.it\/shop\/product\/panno-in-microfibra-per-interni-30x30\/#breadcrumb","itemListElement":[{"@type":"ListItem","position":1,"name":"Home","item":"https:\/\/melalavi.it\/shop\/"},{"@type":"ListItem","position":2,"name":"Shop","item":"https:\/\/melalavi.it\/shop\/shop\/"},{"@type":"ListItem","position":3,"name":"Panno in microfibra per interni 30X30"}]},{"@type":"WebSite","@id":"https:\/\/melalavi.it\/shop\/#website","url":"https:\/\/melalavi.it\/shop\/","name":"Shop MeLaLavi","description":"la qualit&agrave; e l&rsquo;esperienza che garantiamo ogni giorno nei nostri lavaggi a domicilio","publisher":{"@id":"https:\/\/melalavi.it\/shop\/#organization"},"potentialAction":[{"@type":"SearchAction","target":{"@type":"EntryPoint","urlTemplate":"https:\/\/melalavi.it\/shop\/?s={search_term_string}"},"query-input":{"@type":"PropertyValueSpecification","valueRequired":true,"valueName":"search_term_string"}}],"inLanguage":"it-IT"},{"@type":"Organization","@id":"https:\/\/melalavi.it\/shop\/#organization","name":"Shop MeLaLavi","url":"https:\/\/melalavi.it\/shop\/","logo":{"@type":"ImageObject","inLanguage":"it-IT","@id":"https:\/\/melalavi.it\/shop\/#\/schema\/logo\/image\/","url":"https:\/\/melalavi.it\/shop\/wp-content\/uploads\/2024\/10\/cropped-cropped-melalavi2-logo-e1728916515677.png","contentUrl":"https:\/\/melalavi.it\/shop\/wp-content\/uploads\/2024\/10\/cropped-cropped-melalavi2-logo-e1728916515677.png","width":100,"height":49,"caption":"Shop MeLaLavi"},"image":{"@id":"https:\/\/melalavi.it\/shop\/#\/schema\/logo\/image\/"}}]}},"_links":{"self":[{"href":"https:\/\/melalavi.it\/shop\/wp-json\/wp\/v2\/product\/7240","targetHints":{"allow":["GET"]}}],"collection":[{"href":"https:\/\/melalavi.it\/shop\/wp-json\/wp\/v2\/product"}],"about":[{"href":"https:\/\/melalavi.it\/shop\/wp-json\/wp\/v2\/types\/product"}],"replies":[{"embeddable":true,"href":"https:\/\/melalavi.it\/shop\/wp-json\/wp\/v2\/comments?post=7240"}],"wp:featuredmedia":[{"embeddable":true,"href":"https:\/\/melalavi.it\/shop\/wp-json\/wp\/v2\/media\/7242"}],"wp:attachment":[{"href":"https:\/\/melalavi.it\/shop\/wp-json\/wp\/v2\/media?parent=7240"}],"wp:term":[{"taxonomy":"product_brand","embeddable":true,"href":"https:\/\/melalavi.it\/shop\/wp-json\/wp\/v2\/product_brand?post=7240"},{"taxonomy":"product_cat","embeddable":true,"href":"https:\/\/melalavi.it\/shop\/wp-json\/wp\/v2\/product_cat?post=7240"},{"taxonomy":"product_tag","embeddable":true,"href":"https:\/\/melalavi.it\/shop\/wp-json\/wp\/v2\/product_tag?post=7240"}],"curies":[{"name":"wp","href":"https:\/\/api.w.org\/{rel}","templated":true}]}}